{"id":1227,"date":"2022-06-21T04:34:36","date_gmt":"2022-06-21T08:34:36","guid":{"rendered":"https:\/\/apluscreditservice.com\/?page_id=1227"},"modified":"2022-11-09T01:17:26","modified_gmt":"2022-11-09T06:17:26","slug":"credito-reparar-tampa-fl","status":"publish","type":"page","link":"https:\/\/apluscreditservice.com\/es\/credito-reparar-tampa-fl\/","title":{"rendered":"A Plus Credit Services LLC &#8211; Centro de reparaci\u00f3n de cr\u00e9dito en Tampa, FL"},"content":{"rendered":"\t\t<div data-elementor-type=\"wp-page\" data-elementor-id=\"1227\" class=\"elementor elementor-1227\">\n\t\t\t\t\t\t<section class=\"elementor-section elementor-top-section elementor-element elementor-element-76db643 elementor-section-boxed elementor-section-height-default elementor-section-height-default\" data-id=\"76db643\" data-element_type=\"section\">\n\t\t\t\t\t\t<div class=\"elementor-container elementor-column-gap-default\">\n\t\t\t\t\t<div class=\"elementor-column elementor-col-100 elementor-top-column elementor-element elementor-element-5f9b1c9\" data-id=\"5f9b1c9\" data-element_type=\"column\">\n\t\t\t<div class=\"elementor-widget-wrap elementor-element-populated\">\n\t\t\t\t\t\t<div class=\"elementor-element elementor-element-1771b7d elementor-widget elementor-widget-text-editor\" data-id=\"1771b7d\" data-element_type=\"widget\" data-widget_type=\"text-editor.default\">\n\t\t\t\t<div class=\"elementor-widget-container\">\n\t\t\t\t\t\t\t<p>\u00bfBusca una reparaci\u00f3n de cr\u00e9dito en Tampa, FL pero no sabe c\u00f3mo puede conseguirla? En Centro de reparaci\u00f3n del cr\u00e9dito en Tampa, FL contamos con un equipo de profesionales dedicados a ayudar a los consumidores con problemas de reparaci\u00f3n de cr\u00e9dito.<\/p><p>\u00a0<\/p><p>Contrate nuestros Servicio de reparaci\u00f3n de cr\u00e9dito en Tampa, FL y aproveche su oportunidad para lograr una reparaci\u00f3n de cr\u00e9dito certificada. Sanee su historial financiero y comience una nueva vida.<\/p>\t\t\t\t\t\t<\/div>\n\t\t\t\t<\/div>\n\t\t\t\t<div class=\"elementor-element elementor-element-b769596 elementor-widget elementor-widget-heading\" data-id=\"b769596\" data-element_type=\"widget\" data-widget_type=\"heading.default\">\n\t\t\t\t<div class=\"elementor-widget-container\">\n\t\t\t<h2 class=\"elementor-heading-title elementor-size-default\">El mejor servicio de reparaci\u00f3n de cr\u00e9dito ofrecido por A Plus Credit Services LLC en Tampa, FL<\/h2>\t\t<\/div>\n\t\t\t\t<\/div>\n\t\t\t\t<div class=\"elementor-element elementor-element-dc32039 elementor-widget elementor-widget-text-editor\" data-id=\"dc32039\" data-element_type=\"widget\" data-widget_type=\"text-editor.default\">\n\t\t\t\t<div class=\"elementor-widget-container\">\n\t\t\t\t\t\t\t<p>A continuaci\u00f3n se encuentran los mejores servicios de reparaci\u00f3n de cr\u00e9dito ofrecidos por A Plus Credit Services LLC en Tampa, FL<\/p><p>\u00a0<\/p><p><strong>Eliminaci\u00f3n de colecciones de su cr\u00e9dito<\/strong><br \/>Nuestros equipo es experto en borrar colecciones del cr\u00e9dito en Tampa, FL. Podemos eliminar los cobros de su informe de cr\u00e9dito cuando esto han sido incluidos por error, si han pasado m\u00e1s de 7 a\u00f1os desde el impago o si su deuda ha sido renegociada. Estamos habituados a tratar con acreedores y le ayudaremos a lograr que se remueva una colecci\u00f3n de su cr\u00e9dito en Tampa.<\/p><p>\u00a0<\/p><p><strong>Reparar mal cr\u00e9dito<\/strong><br \/>Usted puede arreglar un puntaje de cr\u00e9dito malo con nuestros servicio de Correcci\u00f3n del mal cr\u00e9dito en Tampa, FL. Este proceso suele llevar tiempo e implica hacer todo lo posible por abonar los pagos de sus facturas a tiempo, pero tambi\u00e9n puede mejorar su cr\u00e9dito r\u00e1pidamente si usted fue incluido en un informe negativo por error o si tras renegociar sus deudas los informes no fueron actualizados. Cuente con nosotros para conocer todas sus opciones de reparaci\u00f3n de mal cr\u00e9dito en Tampa, FL.<\/p><p>\u00a0<\/p><p><strong>Eliminaci\u00f3n de pagos atrasados<\/strong><br \/>Eliminar pagos atrasados de su informe de cr\u00e9dito es posible si conoce la legislaci\u00f3n y los procedimientos al respecto. Guarde su puntaje de cr\u00e9dito despu\u00e9s de un pago atrasado y no deje pasar m\u00e1s tiempo para borrar pagos tarde del cr\u00e9dito en Tampa, FL, con nuestra ayuda.<\/p><p>\u00a0<\/p><p><strong>Eliminaci\u00f3n de bancarrota<\/strong><br \/>Eliminar una declaraci\u00f3n de bancarrota desactualizada de un informe de cr\u00e9dito ser\u00e1 un tr\u00e1mite sencillo si contrata nuestros servicios para Borrar Bancarrota del cr\u00e9dito en Tampa, FL. Al eliminar una bancarrota de su informe de cr\u00e9dito usted subir\u00e1 de inmediato su puntaje de cr\u00e9dito y podr\u00e1 optar a nuevas hipotecas o pr\u00e9stamos.<\/p><p>\u00a0<\/p><p>A continuaci\u00f3n se encuentran los mejores servicios de reparaci\u00f3n de cr\u00e9dito ofrecidos por A Plus Credit Services LLC en Tampa, FL<\/p><p>\u00a0<\/p><p><strong>Eliminaci\u00f3n de colecciones de su cr\u00e9dito<\/strong><br \/>Nuestros equipo es experto en borrar colecciones del cr\u00e9dito en Tampa, FL. Podemos eliminar los cobros de su informe de cr\u00e9dito cuando esto han sido incluidos por error, si han pasado m\u00e1s de 7 a\u00f1os desde el impago o si su deuda ha sido renegociada. Estamos habituados a tratar con acreedores y le ayudaremos a lograr que se remueva una colecci\u00f3n de su cr\u00e9dito en Tampa.<\/p><p>\u00a0<\/p><p><strong>Reparar mal cr\u00e9dito<\/strong><br \/>Usted puede arreglar un puntaje de cr\u00e9dito malo con nuestros servicio de Correcci\u00f3n del mal cr\u00e9dito en Tampa, FL. Este proceso suele llevar tiempo e implica hacer todo lo posible por abonar los pagos de sus facturas a tiempo, pero tambi\u00e9n puede mejorar su cr\u00e9dito r\u00e1pidamente si usted fue incluido en un informe negativo por error o si tras renegociar sus deudas los informes no fueron actualizados. Cuente con nosotros para conocer todas sus opciones de reparaci\u00f3n de mal cr\u00e9dito en Tampa, FL.<\/p><p>\u00a0<\/p><p><strong>Eliminaci\u00f3n de pagos atrasados<\/strong><br \/>Eliminar pagos atrasados de su informe de cr\u00e9dito es posible si conoce la legislaci\u00f3n y los procedimientos al respecto. Guarde su puntaje de cr\u00e9dito despu\u00e9s de un pago atrasado y no deje pasar m\u00e1s tiempo para borrar pagos tarde del cr\u00e9dito en Tampa, FL, con nuestra ayuda.<\/p><p>\u00a0<\/p><p><strong>Eliminaci\u00f3n de bancarrota<\/strong><br \/>Eliminar una declaraci\u00f3n de bancarrota desactualizada de un informe de cr\u00e9dito ser\u00e1 un tr\u00e1mite sencillo si contrata nuestros servicios para Borrar Bancarrota del cr\u00e9dito en Tampa, FL. Al eliminar una bancarrota de su informe de cr\u00e9dito usted subir\u00e1 de inmediato su puntaje de cr\u00e9dito y podr\u00e1 optar a nuevas hipotecas o pr\u00e9stamos.<\/p><p>\u00a0<\/p><p><strong>Puntuaci\u00f3n de cr\u00e9dito de reparaci\u00f3n<\/strong><br \/>Reparar la puntuaci\u00f3n de cr\u00e9dito en Tampa, FL, es posible mediante una reparaci\u00f3n de informes de cr\u00e9dito. Este tr\u00e1mite administrativo puede llevarse a cabo al ejercer su derecho a que los informes de entre 7 y 10 a\u00f1os sean eliminados y dejen de constar en su historial, si el informe es err\u00f3neo o solicit\u00e1ndolo a sus acreedores (cuando usted ha abonado sus deudas o las ha renegociado) \u00a1Cont\u00e1ctenos ahora y evaluaremos todas sus opciones!<\/p>\t\t\t\t\t\t<\/div>\n\t\t\t\t<\/div>\n\t\t\t\t<div class=\"elementor-element elementor-element-2f99c77 elementor-widget elementor-widget-heading\" data-id=\"2f99c77\" data-element_type=\"widget\" data-widget_type=\"heading.default\">\n\t\t\t\t<div class=\"elementor-widget-container\">\n\t\t\t<h2 class=\"elementor-heading-title elementor-size-default\">Preguntas m\u00e1s frecuentes<\/h2>\t\t<\/div>\n\t\t\t\t<\/div>\n\t\t\t\t<div class=\"elementor-element elementor-element-d8493c8 elementor-widget elementor-widget-heading\" data-id=\"d8493c8\" data-element_type=\"widget\" data-widget_type=\"heading.default\">\n\t\t\t\t<div class=\"elementor-widget-container\">\n\t\t\t<h2 class=\"elementor-heading-title elementor-size-default\">\u00bfCu\u00e1nto cuesta la limpieza de cr\u00e9dito?<\/h2>\t\t<\/div>\n\t\t\t\t<\/div>\n\t\t\t\t<div class=\"elementor-element elementor-element-8212d2d elementor-widget elementor-widget-text-editor\" data-id=\"8212d2d\" data-element_type=\"widget\" data-widget_type=\"text-editor.default\">\n\t\t\t\t<div class=\"elementor-widget-container\">\n\t\t\t\t\t\t\t<p>\u00a1Definitivamente! Usted puede contar con nuestro equipo de profesionales para arreglar su cr\u00e9dito. Analizaremos cu\u00e1les son sus opciones y nos encargaremos de hacer las gestiones necesarias para conseguirlo.<\/p>\t\t\t\t\t\t<\/div>\n\t\t\t\t<\/div>\n\t\t\t\t<div class=\"elementor-element elementor-element-2cf40d6 elementor-widget elementor-widget-heading\" data-id=\"2cf40d6\" data-element_type=\"widget\" data-widget_type=\"heading.default\">\n\t\t\t\t<div class=\"elementor-widget-container\">\n\t\t\t<h2 class=\"elementor-heading-title elementor-size-default\">\u00bfCon qui\u00e9n puedo hablar para arreglar mi cr\u00e9dito?<\/h2>\t\t<\/div>\n\t\t\t\t<\/div>\n\t\t\t\t<div class=\"elementor-element elementor-element-b612608 elementor-widget elementor-widget-text-editor\" data-id=\"b612608\" data-element_type=\"widget\" data-widget_type=\"text-editor.default\">\n\t\t\t\t<div class=\"elementor-widget-container\">\n\t\t\t\t\t\t\t<p>Contacte ahora con nosotros para arreglar su cr\u00e9dito. Su caso ser\u00e1 evaluado por uno de nuestros gestores, que analizar\u00e1 su situaci\u00f3n para comunicarle con qu\u00e9 oportunidades cuenta y comenzar\u00e1 los tr\u00e1mites para subir su puntaje de cr\u00e9dito, eliminar su historial financiero de impagos en el pasado o su bancarrota.<\/p>\t\t\t\t\t\t<\/div>\n\t\t\t\t<\/div>\n\t\t\t\t<div class=\"elementor-element elementor-element-cc6256b elementor-widget elementor-widget-heading\" data-id=\"cc6256b\" data-element_type=\"widget\" data-widget_type=\"heading.default\">\n\t\t\t\t<div class=\"elementor-widget-container\">\n\t\t\t<h2 class=\"elementor-heading-title elementor-size-default\">\u00bfSe puede eliminar el cobro impago del informe de cr\u00e9dito?<\/h2>\t\t<\/div>\n\t\t\t\t<\/div>\n\t\t\t\t<div class=\"elementor-element elementor-element-1db30a1 elementor-widget elementor-widget-text-editor\" data-id=\"1db30a1\" data-element_type=\"widget\" data-widget_type=\"text-editor.default\">\n\t\t\t\t<div class=\"elementor-widget-container\">\n\t\t\t\t\t\t\t<p>S\u00ed, pero solo en algunos casos. Usted puede eliminar el cobro impago del informe de cr\u00e9dito en cualquiera de estos casos:<\/p><p>\u00a0<\/p><ol><li>Si el informe es err\u00f3neo<\/li><li>Si usted renegoci\u00f3 su deuda<\/li><li>Si el informe se encuentra desactualizado<\/li><li>Si solicita que, de buena fe, los acreedores a los que ya ha solventado la deuda lo eliminen<\/li><li>Si ya pasaron entre 7 o 10 a\u00f1os (dependiendo del caso) de la creaci\u00f3n del informe<\/li><\/ol>\t\t\t\t\t\t<\/div>\n\t\t\t\t<\/div>\n\t\t\t\t<div class=\"elementor-element elementor-element-39d3b64 elementor-widget elementor-widget-heading\" data-id=\"39d3b64\" data-element_type=\"widget\" data-widget_type=\"heading.default\">\n\t\t\t\t<div class=\"elementor-widget-container\">\n\t\t\t<h2 class=\"elementor-heading-title elementor-size-default\">\u00bfC\u00f3mo limpio mi cr\u00e9dito despu\u00e9s de la bancarrota?<\/h2>\t\t<\/div>\n\t\t\t\t<\/div>\n\t\t\t\t<div class=\"elementor-element elementor-element-6cfe915 elementor-widget elementor-widget-text-editor\" data-id=\"6cfe915\" data-element_type=\"widget\" data-widget_type=\"text-editor.default\">\n\t\t\t\t<div class=\"elementor-widget-container\">\n\t\t\t\t\t\t\t<p>Usted puede limpiar su cr\u00e9dito despu\u00e9s de la bancarrota a trav\u00e9s de estos pasos:<\/p><p>\u00a0<\/p><ul><li>Liquidando todas las deudas que tiene en colecciones tras superar el proceso de bancarrota.<\/li><li>Esperando entre 7 y 10 a\u00f1os a que el informe expire, ejerciendo su derecho a solicitar que sea eliminado de su expediente crediticio. Incluso antes de que se cumpla este plazo, con el tiempo su puntaje de cr\u00e9dito mejorar\u00e1 lentamente si no incurre en m\u00e1s deudas.<\/li><li>Solicitando a los acreedores que actualicen la informaci\u00f3n de su reporte crediticio cuando usted liquide el proceso de bancarrota, con una correcci\u00f3n de cr\u00e9dito.<\/li><li>Asegur\u00e1ndose de pagar a tiempo sus facturas con cada vencimiento del plazo mensual. Haga que su l\u00ednea de cr\u00e9dito se encuentre siempre saneada (a cero) y pague cada deuda en la que incurra a la mayor brevedad.<\/li><li>Amortizando sus deudas anticipadamente (si esto no le supone una penalizaci\u00f3n grave). Esto le ayudar\u00e1 a construir un historial de pagos que repercutir\u00e1 positivamente en su expediente.<\/li><\/ul>\t\t\t\t\t\t<\/div>\n\t\t\t\t<\/div>\n\t\t\t\t<div class=\"elementor-element elementor-element-473d544 elementor-widget elementor-widget-heading\" data-id=\"473d544\" data-element_type=\"widget\" data-widget_type=\"heading.default\">\n\t\t\t\t<div class=\"elementor-widget-container\">\n\t\t\t<h2 class=\"elementor-heading-title elementor-size-default\">\u00bfLa bancarrota borra la l\u00ednea de cr\u00e9dito?<\/h2>\t\t<\/div>\n\t\t\t\t<\/div>\n\t\t\t\t<div class=\"elementor-element elementor-element-68c7b79 elementor-widget elementor-widget-text-editor\" data-id=\"68c7b79\" data-element_type=\"widget\" data-widget_type=\"text-editor.default\">\n\t\t\t\t<div class=\"elementor-widget-container\">\n\t\t\t\t\t\t\t<p>No. De hecho la bancarrota es un proceso que, una vez concluido, est\u00e1 pensado para poder ingresar de nuevo en el sistema de financiaci\u00f3n y cr\u00e9dito. Pero despu\u00e9s de un caso de bancarrota usted necesitar\u00e1 tiempo para que su puntaje de cr\u00e9dito vaya ascendiendo y deber\u00e1 ser cuidadoso: pague puntualmente, no exceda nunca su cr\u00e9dito ni lo supere en m\u00e1s del 50% disponible. Mantenga pocas cuentas de cr\u00e9dito abiertas y monitoree sus cobros para asegurarse de que est\u00e1n siempre al d\u00eda.<\/p>\t\t\t\t\t\t<\/div>\n\t\t\t\t<\/div>\n\t\t\t\t\t<\/div>\n\t\t<\/div>\n\t\t\t\t\t<\/div>\n\t\t<\/section>\n\t\t\t\t<\/div>\n\t\t","protected":false},"excerpt":{"rendered":"<p>\u00bfBusca una reparaci\u00f3n de cr\u00e9dito en Tampa, FL pero no sabe c\u00f3mo puede conseguirla? En Centro de reparaci\u00f3n del cr\u00e9dito en Tampa, FL contamos con un equipo de profesionales dedicados a ayudar a los consumidores con problemas de reparaci\u00f3n de cr\u00e9dito. Contrate nuestros Servicio de&#8230;<\/p>\n","protected":false},"author":2,"featured_media":0,"parent":0,"menu_order":0,"comment_status":"closed","ping_status":"closed","template":"full_width.php","meta":[],"_links":{"self":[{"href":"https:\/\/apluscreditservice.com\/es\/wp-json\/wp\/v2\/pages\/1227"}],"collection":[{"href":"https:\/\/apluscreditservice.com\/es\/wp-json\/wp\/v2\/pages"}],"about":[{"href":"https:\/\/apluscreditservice.com\/es\/wp-json\/wp\/v2\/types\/page"}],"author":[{"embeddable":true,"href":"https:\/\/apluscreditservice.com\/es\/wp-json\/wp\/v2\/users\/2"}],"replies":[{"embeddable":true,"href":"https:\/\/apluscreditservice.com\/es\/wp-json\/wp\/v2\/comments?post=1227"}],"version-history":[{"count":9,"href":"https:\/\/apluscreditservice.com\/es\/wp-json\/wp\/v2\/pages\/1227\/revisions"}],"predecessor-version":[{"id":1237,"href":"https:\/\/apluscreditservice.com\/es\/wp-json\/wp\/v2\/pages\/1227\/revisions\/1237"}],"wp:attachment":[{"href":"https:\/\/apluscreditservice.com\/es\/wp-json\/wp\/v2\/media?parent=1227"}],"curies":[{"name":"wp","href":"https:\/\/api.w.org\/{rel}","templated":true}]}}