{"id":1077,"date":"2019-04-18T06:23:13","date_gmt":"2019-04-18T10:23:13","guid":{"rendered":"https:\/\/apluscreditservice.com\/?page_id=1077"},"modified":"2022-05-19T22:23:55","modified_gmt":"2022-05-20T02:23:55","slug":"privacy-policy","status":"publish","type":"page","link":"https:\/\/apluscreditservice.com\/es\/privacy-policy\/","title":{"rendered":"Pol\u00edtica de Privacidad"},"content":{"rendered":"<p>[vc_row css_animation=\u00bb\u00bb row_type=\u00bbrow\u00bb use_row_as_full_screen_section=\u00bbno\u00bb type=\u00bbfull_width\u00bb angled_section=\u00bbno\u00bb text_align=\u00bbleft\u00bb background_image_as_pattern=\u00bbwithout_pattern\u00bb][vc_column][vc_column_text]Pol\u00edtica de privacidad<\/p>\n<p>Fecha de entrada en vigor: 15 de febrero de 2019<\/p>\n<p>A Plus Credit Services LLC (\u00abnosotros\u00bb, \u00abnos\u00bb o \u00abnuestro\u00bb) opera el sitio web www.apluscreditservice.com y la aplicaci\u00f3n m\u00f3vil (en adelante, el \u00abServicio\u00bb).<\/p>\n<p>Esta p\u00e1gina le informa de nuestras pol\u00edticas relativas a la recopilaci\u00f3n, el uso y la divulgaci\u00f3n de datos personales cuando utiliza nuestro Servicio y las opciones que tiene asociadas a esos datos.<\/p>\n<p>Utilizamos sus datos para proporcionar y mejorar el Servicio. Al utilizar el Servicio, usted acepta la recopilaci\u00f3n y el uso de la informaci\u00f3n de acuerdo con esta pol\u00edtica. A menos que se defina lo contrario en esta Pol\u00edtica de Privacidad, los t\u00e9rminos utilizados en esta Pol\u00edtica de Privacidad tienen el mismo significado que en nuestros T\u00e9rminos y Condiciones.<\/p>\n<p>Definiciones<\/p>\n<p>Servicio<br \/>\nServicio significa el sitio web www.creditrightservices.com y la aplicaci\u00f3n m\u00f3vil operada por A Plus Credit Services LLC<br \/>\nDatos personales<br \/>\nDatos personales significa los datos sobre una persona viva que puede ser identificada a partir de esos datos (o de esos y otros datos que est\u00e1n en nuestro poder o que pueden llegar a nuestro poder).<br \/>\nDatos de uso<br \/>\nLos datos de uso son los datos recogidos autom\u00e1ticamente generados por el uso del Servicio o por la propia infraestructura del Servicio (por ejemplo, la duraci\u00f3n de la visita a una p\u00e1gina).<br \/>\nCookies<br \/>\nLas cookies son peque\u00f1os archivos almacenados en su dispositivo (ordenador o dispositivo m\u00f3vil).<\/p>\n<p>Recogida y uso de la informaci\u00f3n<\/p>\n<p>Recogemos varios tipos de informaci\u00f3n con diversos fines para proporcionarle y mejorar nuestro Servicio.<\/p>\n<p>Tipos de datos recogidos<\/p>\n<p>Personal Data<\/p>\n<p>Al utilizar nuestro Servicio, es posible que le pidamos que nos proporcione cierta informaci\u00f3n de identificaci\u00f3n personal que pueda utilizarse para ponerse en contacto con usted o identificarle (\u00abDatos personales\u00bb). La informaci\u00f3n personal identificable puede incluir, pero no se limita a:<\/p>\n<p>Direcci\u00f3n de correo electr\u00f3nico<br \/>\nNombre y apellidos<br \/>\nN\u00famero de tel\u00e9fono<br \/>\nDirecci\u00f3n, Estado, Provincia, C\u00f3digo postal, Ciudad<br \/>\nCookies y datos de uso<\/p>\n<p>Datos de uso<\/p>\n<p>Tambi\u00e9n podemos recopilar informaci\u00f3n que su navegador env\u00eda cada vez que visita nuestro Servicio o cuando accede al Servicio por o a trav\u00e9s de un dispositivo m\u00f3vil (\u00abDatos de uso\u00bb).<\/p>\n<p>Estos datos de uso pueden incluir informaci\u00f3n como la direcci\u00f3n de protocolo de Internet de su ordenador (por ejemplo, la direcci\u00f3n IP), el tipo de navegador, la versi\u00f3n del navegador, las p\u00e1ginas de nuestro Servicio que visita, la hora y la fecha de su visita, el tiempo que pasa en esas p\u00e1ginas, los identificadores \u00fanicos de los dispositivos y otros datos de diagn\u00f3stico.<\/p>\n<p>Cuando accede al Servicio con un dispositivo m\u00f3vil, estos Datos de Uso pueden incluir informaci\u00f3n como el tipo de dispositivo m\u00f3vil que utiliza, el identificador \u00fanico de su dispositivo m\u00f3vil, la direcci\u00f3n IP de su dispositivo m\u00f3vil, su sistema operativo m\u00f3vil, el tipo de navegador de Internet m\u00f3vil que utiliza, los identificadores \u00fanicos del dispositivo y otros datos de diagn\u00f3stico.<\/p>\n<p>Datos de seguimiento y cookies<\/p>\n<p>Utilizamos cookies y tecnolog\u00edas de seguimiento similares para rastrear la actividad en nuestro Servicio y guardamos cierta informaci\u00f3n.<\/p>\n<p>Las cookies son archivos con una peque\u00f1a cantidad de datos que pueden incluir un identificador \u00fanico an\u00f3nimo. Las cookies se env\u00edan a su navegador desde un sitio web y se almacenan en su dispositivo. Tambi\u00e9n se utilizan otras tecnolog\u00edas de seguimiento, como balizas, etiquetas y scripts, para recopilar y rastrear informaci\u00f3n y mejorar y analizar nuestro Servicio.<\/p>\n<p>Usted puede indicar a su navegador que rechace todas las cookies o que le indique cu\u00e1ndo se env\u00eda una cookie. Sin embargo, si no acepta las cookies, es posible que no pueda utilizar algunas partes de nuestro Servicio.<\/p>\n<p>Ejemplos de cookies que utilizamos:<\/p>\n<p>Utilizamos cookies de sesi\u00f3n para el funcionamiento de nuestro servicio.<br \/>\nCookies de preferencia: utilizamos cookies de preferencia para recordar sus preferencias y diversos ajustes.<br \/>\nUtilizamos cookies de seguridad para fines de seguridad.<\/p>\n<p>Uso de los datos<\/p>\n<p>A Plus Credit Services LLC utiliza los datos recogidos para diversos fines:<\/p>\n<p>Para proporcionar y mantener nuestro Servicio<br \/>\nPara notificarle sobre los cambios en nuestro Servicio<br \/>\nPara permitirle participar en las funciones interactivas de nuestro Servicio cuando usted decida hacerlo<br \/>\nPara proporcionar asistencia al cliente<br \/>\nPara recopilar an\u00e1lisis o informaci\u00f3n valiosa que nos permita mejorar nuestro Servicio<br \/>\nPara supervisar el uso de nuestro Servicio<\/p>\n<p>Para detectar, prevenir y solucionar problemas t\u00e9cnicos<\/p>\n<p>Transferencia de datos<\/p>\n<p>Su informaci\u00f3n, incluidos los Datos Personales, puede ser transferida a -y mantenida en- ordenadores ubicados fuera de su estado, provincia, pa\u00eds u otra jurisdicci\u00f3n gubernamental donde las leyes de protecci\u00f3n de datos pueden diferir de las de su jurisdicci\u00f3n.<\/p>\n<p>Si se encuentra fuera de Estados Unidos y decide proporcionarnos informaci\u00f3n, tenga en cuenta que transferimos los datos, incluidos los Datos Personales, a Estados Unidos y los procesamos all\u00ed.<\/p>\n<p>Su consentimiento a esta Pol\u00edtica de Privacidad seguido de su env\u00edo de dicha informaci\u00f3n representa su acuerdo con esa transferencia.<\/p>\n<p>A Plus Credit Services LLC tomar\u00e1 todas las medidas razonablemente necesarias para garantizar que sus datos sean tratados de forma segura y de acuerdo con esta Pol\u00edtica de Privacidad y ninguna transferencia de sus Datos Personales se llevar\u00e1 a cabo a una organizaci\u00f3n o un pa\u00eds a menos que existan controles adecuados en el lugar incluyendo la seguridad de sus datos y otra informaci\u00f3n personal<\/p>\n<p>Divulgaci\u00f3n de datos<\/p>\n<p>Requisitos legales<\/p>\n<p>A Plus Credit Services LLC puede revelar sus datos personales en la creencia de buena fe que dicha acci\u00f3n es necesaria para:<\/p>\n<p>Cumplir con una obligaci\u00f3n legal<br \/>\nPara proteger y defender los derechos o la propiedad de A Plus Credit Services LLC<br \/>\nPara prevenir o investigar posibles infracciones en relaci\u00f3n con el Servicio<br \/>\nPara proteger la seguridad personal de los usuarios del Servicio o del p\u00fablico<br \/>\nPara proteger contra la responsabilidad legal<\/p>\n<p>Seguridad de los datos<\/p>\n<p>La seguridad de sus datos es importante para nosotros, pero recuerde que ning\u00fan m\u00e9todo de transmisi\u00f3n por Internet o m\u00e9todo de almacenamiento electr\u00f3nico es 100% seguro. Aunque nos esforzamos por utilizar medios comercialmente aceptables para proteger sus datos personales, no podemos garantizar su seguridad absoluta.<\/p>\n<p>Proveedores de servicios<\/p>\n<p>Podemos emplear a terceras empresas e individuos para facilitar nuestro Servicio (\u00abProveedores de Servicios\u00bb), proporcionar el Servicio en nuestro nombre, realizar servicios relacionados con el Servicio o ayudarnos a analizar c\u00f3mo se utiliza nuestro Servicio.<\/p>\n<p>Estos terceros tienen acceso a sus Datos Personales \u00fanicamente para realizar estas tareas en nuestro nombre y est\u00e1n obligados a no divulgarlos ni utilizarlos para ning\u00fan otro fin.<\/p>\n<p>Enlaces a otros sitios<\/p>\n<p>Nuestro Servicio puede contener enlaces a otros sitios que no son operados por nosotros. Si hace clic en un enlace de un tercero, ser\u00e1 dirigido al sitio de ese tercero. Le recomendamos encarecidamente que revise la pol\u00edtica de privacidad de cada sitio que visite.<\/p>\n<p>No tenemos ning\u00fan control ni asumimos ninguna responsabilidad por el contenido, las pol\u00edticas de privacidad o las pr\u00e1cticas de los sitios o servicios de terceros.<\/p>\n<p>Privacidad de los ni\u00f1os<\/p>\n<p>Nuestro Servicio no se dirige a menores de 18 a\u00f1os (\u00abNi\u00f1os\u00bb).<\/p>\n<p>No recopilamos conscientemente informaci\u00f3n personal identificable de ninguna persona menor de 18 a\u00f1os. Si usted es un padre o tutor y tiene conocimiento de que su hijo nos ha proporcionado datos personales, p\u00f3ngase en contacto con nosotros. Si tenemos conocimiento de que hemos recopilado Datos Personales de ni\u00f1os sin verificar el consentimiento de los padres, tomamos medidas para eliminar esa informaci\u00f3n de nuestros servidores.<\/p>\n<p>Cambios en la pol\u00edtica de privacidad<\/p>\n<p>Podemos actualizar nuestra Pol\u00edtica de Privacidad de vez en cuando. Le notificaremos cualquier cambio publicando la nueva Pol\u00edtica de Privacidad en esta p\u00e1gina.<\/p>\n<p>Se lo comunicaremos por correo electr\u00f3nico y\/o mediante un aviso destacado en nuestro Servicio, antes de que el cambio entre en vigor y actualicemos la \u00abfecha de entrada en vigor\u00bb en la parte superior de esta Pol\u00edtica de Privacidad.<\/p>\n<p>Se le aconseja que revise esta Pol\u00edtica de Privacidad peri\u00f3dicamente para conocer cualquier cambio. Los cambios en esta Pol\u00edtica de Privacidad son efectivos cuando se publican en esta p\u00e1gina[\/vc_column_text][\/vc_column][\/vc_row]<\/p>\n","protected":false},"excerpt":{"rendered":"<p>[vc_row css_animation=\u00bb\u00bb row_type=\u00bbrow\u00bb use_row_as_full_screen_section=\u00bbno\u00bb type=\u00bbfull_width\u00bb angled_section=\u00bbno\u00bb text_align=\u00bbleft\u00bb background_image_as_pattern=\u00bbwithout_pattern\u00bb][vc_column][vc_column_text]Pol\u00edtica de privacidad Fecha de entrada en vigor: 15 de febrero de 2019 A Plus Credit Services LLC (\u00abnosotros\u00bb, \u00abnos\u00bb o \u00abnuestro\u00bb) opera el sitio web www.apluscreditservice.com y la aplicaci\u00f3n m\u00f3vil (en adelante, el \u00abServicio\u00bb). Esta p\u00e1gina le&#8230;<\/p>\n","protected":false},"author":2,"featured_media":0,"parent":0,"menu_order":0,"comment_status":"closed","ping_status":"closed","template":"","meta":[],"_links":{"self":[{"href":"https:\/\/apluscreditservice.com\/es\/wp-json\/wp\/v2\/pages\/1077"}],"collection":[{"href":"https:\/\/apluscreditservice.com\/es\/wp-json\/wp\/v2\/pages"}],"about":[{"href":"https:\/\/apluscreditservice.com\/es\/wp-json\/wp\/v2\/types\/page"}],"author":[{"embeddable":true,"href":"https:\/\/apluscreditservice.com\/es\/wp-json\/wp\/v2\/users\/2"}],"replies":[{"embeddable":true,"href":"https:\/\/apluscreditservice.com\/es\/wp-json\/wp\/v2\/comments?post=1077"}],"version-history":[{"count":2,"href":"https:\/\/apluscreditservice.com\/es\/wp-json\/wp\/v2\/pages\/1077\/revisions"}],"predecessor-version":[{"id":1079,"href":"https:\/\/apluscreditservice.com\/es\/wp-json\/wp\/v2\/pages\/1077\/revisions\/1079"}],"wp:attachment":[{"href":"https:\/\/apluscreditservice.com\/es\/wp-json\/wp\/v2\/media?parent=1077"}],"curies":[{"name":"wp","href":"https:\/\/api.w.org\/{rel}","templated":true}]}}